{"id":40,"date":"2024-12-19T08:09:03","date_gmt":"2024-12-19T08:09:03","guid":{"rendered":"https:\/\/orgchemtr6.org\/?page_id=40"},"modified":"2025-05-09T08:03:04","modified_gmt":"2025-05-09T08:03:04","slug":"contact","status":"publish","type":"page","link":"https:\/\/orgchemtr6.org\/tr\/contact\/","title":{"rendered":"\u0130leti\u015fim"},"content":{"rendered":"<div data-elementor-type=\"wp-page\" data-elementor-id=\"40\" class=\"elementor elementor-40\" data-elementor-post-type=\"page\">\n\t\t\t\t<div class=\"elementor-element elementor-element-843c04f e-flex e-con-boxed e-con e-parent\" data-id=\"843c04f\" data-element_type=\"container\">\n\t\t\t\t\t<div class=\"e-con-inner\">\n\t\t\t\t<div class=\"elementor-element elementor-element-df2e1b0 elementor-widget elementor-widget-heading\" data-id=\"df2e1b0\" data-element_type=\"widget\" data-widget_type=\"heading.default\">\n\t\t\t\t<div class=\"elementor-widget-container\">\n\t\t\t\t\t<h5 class=\"elementor-heading-title elementor-size-default\">Organizasyon Sekretaryas\u0131<\/h5>\t\t\t\t<\/div>\n\t\t\t\t<\/div>\n\t\t<div class=\"elementor-element elementor-element-4d06bd1 e-con-full e-flex e-con e-child\" data-id=\"4d06bd1\" data-element_type=\"container\">\n\t\t\t\t<div class=\"elementor-element elementor-element-a5de2a6 elementor-widget__width-initial elementor-widget elementor-widget-image\" data-id=\"a5de2a6\" data-element_type=\"widget\" data-widget_type=\"image.default\">\n\t\t\t\t<div class=\"elementor-widget-container\">\n\t\t\t\t\t\t\t\t\t\t\t\t\t\t\t<img fetchpriority=\"high\" decoding=\"async\" width=\"589\" height=\"219\" src=\"https:\/\/orgchemtr6.org\/wp-content\/uploads\/2024\/12\/Bros_Group_logo.png\" class=\"attachment-large size-large wp-image-42\" alt=\"\" srcset=\"https:\/\/orgchemtr6.org\/wp-content\/uploads\/2024\/12\/Bros_Group_logo.png 589w, https:\/\/orgchemtr6.org\/wp-content\/uploads\/2024\/12\/Bros_Group_logo-300x112.png 300w\" sizes=\"(max-width: 589px) 100vw, 589px\" \/>\t\t\t\t\t\t\t\t\t\t\t\t\t\t\t<\/div>\n\t\t\t\t<\/div>\n\t\t\t\t<div class=\"elementor-element elementor-element-bd2355c elementor-widget elementor-widget-text-editor\" data-id=\"bd2355c\" data-element_type=\"widget\" data-widget_type=\"text-editor.default\">\n\t\t\t\t<div class=\"elementor-widget-container\">\n\t\t\t\t\t\t\t\t\t<p><strong>Tu\u011fba \u00c7etin <br \/><\/strong>Esentepe Mah. Sa\u011flam Fikir Sok. Esen Palas Apt. A Blok No:2 D:9 Esentepe \u2013 \u015ei\u015fli \u2013 \u0130stanbul<br \/>Tel: +90 (212) 296 66 70<br \/>Fax: +90 (212) 296 66 71<br \/>E-mail: <a href=\"mailto:tugba.cetin@brosgroup.net\"><strong>tugba.cetin@brosgroup.net<\/strong><\/a><\/p>\n<p><!-- \/wp:image --><!-- wp:paragraph --><\/p>\n<p><!-- \/wp:paragraph --><!-- wp:paragraph --><\/p>\t\t\t\t\t\t\t\t<\/div>\n\t\t\t\t<\/div>\n\t\t\t\t<\/div>\n\t\t\t\t\t<\/div>\n\t\t\t\t<\/div>\n\t\t\t\t<\/div>","protected":false},"excerpt":{"rendered":"<p>Organization Secretariat Tu\u011fba \u00c7etin Esentepe Mah. Sa\u011flam Fikir Sok. Esen Palas Apt. A Blok No:2 D:9 Esentepe \u2013 \u015ei\u015fli \u2013 \u0130stanbulTel: +90 (212) 296 66 70Fax: +90 (212) 296 66 71E-mail: tugba.cetin@brosgroup.net<\/p>","protected":false},"author":1,"featured_media":0,"parent":0,"menu_order":0,"comment_status":"closed","ping_status":"closed","template":"","meta":{"footnotes":""},"class_list":["post-40","page","type-page","status-publish","hentry"],"blocksy_meta":[],"_links":{"self":[{"href":"https:\/\/orgchemtr6.org\/tr\/wp-json\/wp\/v2\/pages\/40","targetHints":{"allow":["GET"]}}],"collection":[{"href":"https:\/\/orgchemtr6.org\/tr\/wp-json\/wp\/v2\/pages"}],"about":[{"href":"https:\/\/orgchemtr6.org\/tr\/wp-json\/wp\/v2\/types\/page"}],"author":[{"embeddable":true,"href":"https:\/\/orgchemtr6.org\/tr\/wp-json\/wp\/v2\/users\/1"}],"replies":[{"embeddable":true,"href":"https:\/\/orgchemtr6.org\/tr\/wp-json\/wp\/v2\/comments?post=40"}],"version-history":[{"count":13,"href":"https:\/\/orgchemtr6.org\/tr\/wp-json\/wp\/v2\/pages\/40\/revisions"}],"predecessor-version":[{"id":292,"href":"https:\/\/orgchemtr6.org\/tr\/wp-json\/wp\/v2\/pages\/40\/revisions\/292"}],"wp:attachment":[{"href":"https:\/\/orgchemtr6.org\/tr\/wp-json\/wp\/v2\/media?parent=40"}],"curies":[{"name":"wp","href":"https:\/\/api.w.org\/{rel}","templated":true}]}}