{"id":29,"date":"2024-12-19T07:57:03","date_gmt":"2024-12-19T07:57:03","guid":{"rendered":"https:\/\/orgchemtr6.org\/?page_id=29"},"modified":"2025-10-17T13:55:28","modified_gmt":"2025-10-17T13:55:28","slug":"abstracts","status":"publish","type":"page","link":"https:\/\/orgchemtr6.org\/tr\/abstracts\/","title":{"rendered":"Bildiriler"},"content":{"rendered":"<div class=\"wp-block-buttons is-content-justification-center is-layout-flex wp-container-core-buttons-is-layout-a89b3969 wp-block-buttons-is-layout-flex\">\n<div class=\"wp-block-button has-custom-width wp-block-button__width-75\"><a class=\"wp-block-button__link has-medium-font-size has-custom-font-size wp-element-button\" href=\"https:\/\/drive.google.com\/file\/d\/1OxNllV-JxIOIXUpv8h2J-L0kyfmXrUO6\/view?usp=sharing\" target=\"_blank\" rel=\"noreferrer noopener\">CLICK HERE TO SEE ABSTRACT BOOK<\/a><\/div>\n<\/div>\n\n\n\n<div style=\"height:73px\" aria-hidden=\"true\" class=\"wp-block-spacer\"><\/div>\n\n\n\n<div style=\"height:39px\" aria-hidden=\"true\" class=\"wp-block-spacer\"><\/div>\n\n\n\n<h4 class=\"wp-block-heading\"><strong>Poster Haz\u0131rlama Kurallar\u0131<\/strong><\/h4>\n\n\n\n<ul class=\"wp-block-list\">\n<li class=\"translation-block\">Posterin boyutlar\u0131 <b>70 cm (yatay) x 90 cm (d\u00fc\u015fey)<\/b> olmal\u0131 ve <b>tek par\u00e7a<\/b> halinde haz\u0131rlanmal\u0131d\u0131r.<\/li>\n\n\n\n<li class=\"translation-block\">Poster sayfas\u0131n\u0131n \u00fcst, alt, sa\u011f ve sol kenarlar\u0131ndan <b>2 cm bo\u015fluk<\/b> b\u0131rak\u0131lmal\u0131d\u0131r.<\/li>\n\n\n\n<li class=\"translation-block\">T\u00fcm yaz\u0131lar, okunmas\u0131 kolay bir yaz\u0131 stili ile haz\u0131rlanmal\u0131d\u0131r.\n<b>Poster ba\u015fl\u0131\u011f\u0131 60 punto ve koyu (bold)<\/b> yaz\u0131lmal\u0131 ve ba\u015fl\u0131k iki sat\u0131r\u0131 ge\u00e7memelidir.\nYazar isimleri ve ileti\u015fim adresleri <b>30 punto ve koyu<\/b> yaz\u0131lmal\u0131d\u0131r.\nMetin b\u00f6l\u00fcmleri i\u00e7in <b>16\u201318 punto <\/b>b\u00fcy\u00fckl\u00fc\u011f\u00fcnde yaz\u0131 karakteri kullan\u0131lmal\u0131d\u0131r.\nSunumu yapacak yazar\u0131n ad\u0131 mutlaka <b>alt\u0131 \u00e7izili <\/b>olarak belirtilmelidir.<\/li>\n\n\n\n<li class=\"translation-block\">Metin tercihen <b>iki kolon<\/b> halinde d\u00fczenlenmeli, aralarda \u015fekiller yer almal\u0131d\u0131r.<\/li>\n\n\n\n<li class=\"translation-block\">B\u00f6l\u00fcm ba\u015fl\u0131klar\u0131 <b>24 punto ve koyu<\/b> yaz\u0131lmal\u0131d\u0131r.<\/li>\n\n\n\n<li class=\"translation-block\">Poster haz\u0131rlamada <b>renk s\u0131n\u0131rlamas\u0131 yoktur<\/b>; g\u00f6rselli\u011fi art\u0131rmak amac\u0131yla <b>renkli \u015fekil ve foto\u011fraflar\u0131n<\/b> kullan\u0131lmas\u0131 te\u015fvik edilmektedir.\n\u015eekillerde kullan\u0131lan yaz\u0131lar rahatl\u0131kla okunabilecek b\u00fcy\u00fckl\u00fckte olmal\u0131 ve t\u00fcm \u015fekillerde <b>ayn\u0131 yaz\u0131 karakteri<\/b> tercih edilmelidir.\n\u015eekiller, uzaktan <b>kolayl\u0131kla g\u00f6r\u00fclebilecek boyutlarda<\/b> haz\u0131rlanmal\u0131d\u0131r.<\/li>\n<\/ul>\n\n\n\n<h4 class=\"wp-block-heading\"><strong>Bildiri Haz\u0131rlama Kurallar\u0131<\/strong><\/h4>\n\n\n\n<ul class=\"wp-block-list\">\n<li>Di\u011fer yazarlarda kongreye kat\u0131lmak isterlerse kongre kayd\u0131 yapmalar\u0131 gerekmektedir.<\/li>\n\n\n\n<li class=\"translation-block\">Bildiriler \u00f6zet metin \u015feklinde kabul edilecek ve bildiri g\u00f6nderimi i\u00e7in de kongre <a href=\"https:\/\/orgchemtr6.org\/Docs\/Bildiri-Sablonu.docx\" target=\"_self\"><strong>bildiri \u00f6zet \u015fablonu <\/strong><\/a> kullan\u0131lacakt\u0131r.<\/li>\n\n\n\n<li>Online bildiri g\u00f6nderim sistemini t\u0131klayarak ve gerekli ad\u0131mlar\u0131 izleyerek bildirinizi bilim kuruluna g\u00f6nderebilirsiniz.<\/li>\n\n\n\n<li>Bildiriler maksimum 500 kelime i\u00e7erecek ve Times New Roman yaz\u0131 format\u0131nda 11 punto olarak yaz\u0131lacakt\u0131r.<\/li>\n\n\n\n<li>Bildirinin T\u00fcrk\u00e7e ba\u015fl\u0131\u011f\u0131 12 punto, koyu ve b\u00fcy\u00fck harfler ile ortalanarak yaz\u0131lacakt\u0131r. Metnin sat\u0131r aras\u0131 bo\u015flu\u011fu 1,5 sat\u0131r olacakt\u0131r.<\/li>\n\n\n\n<li>Bildiri \u00f6zet metninde referanslar tek ise [1], birden fazla ise [1, 2] vb. \u015feklinde verilecek ve referanslar k\u0131sm\u0131 ise kongre bildiri \u00f6zeti \u015fablonunda g\u00f6sterildi\u011fi \u015fekilde d\u00fczenlenecektir.<\/li>\n\n\n\n<li>Poster ve s\u00f6zl\u00fc bildiriler hakem de\u011ferlendirmesinin olumlu olmas\u0131 halinde kabul edilecektir.<\/li>\n\n\n\n<li>Bildiri \u00f6zet metinleri bildiri \u00f6zet kitap\u00e7\u0131\u011f\u0131nda yay\u0131nlanacakt\u0131r.<\/li>\n\n\n\n<li>Yaz\u0131m hatalar\u0131na dikkat edilmesi gerekmektedir.<\/li>\n\n\n\n<li>S\u00f6zl\u00fc sunumlar Bilim Kurullar\u0131 taraf\u0131ndan s\u0131n\u0131rl\u0131 say\u0131da se\u00e7ilecektir.<\/li>\n\n\n\n<li>Bildiri sunan yazar\u0131n mutlaka kongre kay\u0131t \u00fccreti \u00f6demesi gerekmektedir.<\/li>\n\n\n\n<li>Poster boyutu 70*90\u2019d\u0131r.<\/li>\n<\/ul>\n\n\n\n<p><a href=\"https:\/\/orgchemtr6.org\/Docs\/Poster-Template.pptx\"><strong>POSTER \u015eABLONUNU \u0130ND\u0130RMEK \u0130\u00c7\u0130N TIKLAYINIZ.<\/strong><\/a><\/p>\n\n\n\n<p><a href=\"https:\/\/orgchemtr6.org\/Docs\/PPT-Template.pptx\"><strong>CLICK HERE TO DOWNLOAD THE PRESENTATION TEMPLATE.<\/strong><\/a><\/p>\n\n\n\n<p><\/p>","protected":false},"excerpt":{"rendered":"<p>Poster Preparation Guidelines Abstract Preparation Rules CLICK HERE TO DOWNLOAD THE POSTER TEMPLATE. CLICK HERE TO DOWNLOAD THE PRESENTATION TEMPLATE.<\/p>","protected":false},"author":1,"featured_media":0,"parent":0,"menu_order":0,"comment_status":"closed","ping_status":"closed","template":"","meta":{"footnotes":""},"class_list":["post-29","page","type-page","status-publish","hentry"],"blocksy_meta":[],"_links":{"self":[{"href":"https:\/\/orgchemtr6.org\/tr\/wp-json\/wp\/v2\/pages\/29","targetHints":{"allow":["GET"]}}],"collection":[{"href":"https:\/\/orgchemtr6.org\/tr\/wp-json\/wp\/v2\/pages"}],"about":[{"href":"https:\/\/orgchemtr6.org\/tr\/wp-json\/wp\/v2\/types\/page"}],"author":[{"embeddable":true,"href":"https:\/\/orgchemtr6.org\/tr\/wp-json\/wp\/v2\/users\/1"}],"replies":[{"embeddable":true,"href":"https:\/\/orgchemtr6.org\/tr\/wp-json\/wp\/v2\/comments?post=29"}],"version-history":[{"count":17,"href":"https:\/\/orgchemtr6.org\/tr\/wp-json\/wp\/v2\/pages\/29\/revisions"}],"predecessor-version":[{"id":489,"href":"https:\/\/orgchemtr6.org\/tr\/wp-json\/wp\/v2\/pages\/29\/revisions\/489"}],"wp:attachment":[{"href":"https:\/\/orgchemtr6.org\/tr\/wp-json\/wp\/v2\/media?parent=29"}],"curies":[{"name":"wp","href":"https:\/\/api.w.org\/{rel}","templated":true}]}}