{"id":18,"date":"2024-12-19T07:52:38","date_gmt":"2024-12-19T07:52:38","guid":{"rendered":"https:\/\/orgchemtr6.org\/?page_id=18"},"modified":"2025-01-09T06:22:39","modified_gmt":"2025-01-09T06:22:39","slug":"invitation","status":"publish","type":"page","link":"https:\/\/orgchemtr6.org\/tr\/","title":{"rendered":"Davet"},"content":{"rendered":"<div data-elementor-type=\"wp-page\" data-elementor-id=\"18\" class=\"elementor elementor-18\" data-elementor-post-type=\"page\">\n\t\t\t\t<div class=\"elementor-element elementor-element-2ad5cd88 e-flex e-con-boxed e-con e-parent\" data-id=\"2ad5cd88\" data-element_type=\"container\">\n\t\t\t\t\t<div class=\"e-con-inner\">\n\t\t<div class=\"elementor-element elementor-element-1c6285a e-con-full e-flex e-con e-child\" data-id=\"1c6285a\" data-element_type=\"container\">\n\t\t\t\t<div class=\"elementor-element elementor-element-2395162 elementor-widget elementor-widget-image\" data-id=\"2395162\" data-element_type=\"widget\" data-widget_type=\"image.default\">\n\t\t\t\t<div class=\"elementor-widget-container\">\n\t\t\t\t\t\t\t\t\t\t\t\t\t\t\t<img fetchpriority=\"high\" decoding=\"async\" width=\"895\" height=\"516\" src=\"https:\/\/orgchemtr6.org\/wp-content\/uploads\/2025\/01\/eskisehir.jpg\" class=\"attachment-large size-large wp-image-120\" alt=\"\" srcset=\"https:\/\/orgchemtr6.org\/wp-content\/uploads\/2025\/01\/eskisehir.jpg 895w, https:\/\/orgchemtr6.org\/wp-content\/uploads\/2025\/01\/eskisehir-300x173.jpg 300w, https:\/\/orgchemtr6.org\/wp-content\/uploads\/2025\/01\/eskisehir-768x443.jpg 768w, https:\/\/orgchemtr6.org\/wp-content\/uploads\/2025\/01\/eskisehir-18x10.jpg 18w\" sizes=\"(max-width: 895px) 100vw, 895px\" \/>\t\t\t\t\t\t\t\t\t\t\t\t\t\t\t<\/div>\n\t\t\t\t<\/div>\n\t\t\t\t<\/div>\n\t\t\t\t<div class=\"elementor-element elementor-element-45e08a5 elementor-widget elementor-widget-text-editor\" data-id=\"45e08a5\" data-element_type=\"widget\" data-widget_type=\"text-editor.default\">\n\t\t\t\t<div class=\"elementor-widget-container\">\n\t\t\t\t\t\t\t\t\t<p>De\u011ferli Meslekta\u015flar\u0131m ve Dostlar\u0131m,<\/p>\n<p><!-- \/wp:paragraph --><!-- wp:paragraph --><\/p>\n<p>D\u00fczenleme Kurulu ad\u0131na sizleri, Eski\u015fehir Teknik \u00dcniversitesi, \u0130stanbul Teknik \u00dcniversitesi ve T\u00fcrkiye Kimya Derne\u011fi'nin ortakla\u015fa d\u00fczenledi\u011fi 6. Uluslararas\u0131 Kat\u0131l\u0131ml\u0131 Organik Kimya Kongresi'ne (OrgChemTr-6) kat\u0131lmaya davet etmekten mutluluk duyuyoruz. Kongre 10-13 Eyl\u00fcl 2025 tarihlerinde Eski\u015fehir, T\u00fcrkiye'de ger\u00e7ekle\u015ftirilecektir. D\u00f6rt g\u00fcn s\u00fcrecek olan kongre, yetkin davetli konu\u015fmac\u0131lar\u0131n ve kat\u0131l\u0131mc\u0131lar\u0131n g\u00fcncel \u00e7al\u0131\u015fmalar\u0131n\u0131 s\u00f6zl\u00fc\/poster sunumlarla tart\u0131\u015faca\u011f\u0131 bilimsel oturumlar \u015feklinde ger\u00e7ekle\u015ftirilecektir. Kongre, Organik Kimyadaki son geli\u015fmelerden haberdar olmak i\u00e7in e\u015fsiz bir f\u0131rsat sa\u011flayacak. Kongrede a\u015fa\u011f\u0131daki konular yer almaktad\u0131r:<\/p>\n<p><!-- \/wp:paragraph --><!-- wp:list --><\/p>\n<ul class=\"wp-block-list\">\n<li style=\"list-style-type: none;\">\n<ul class=\"wp-block-list\"><!-- wp:list-item --><\/ul>\n<\/li>\n<\/ul>\n<ul class=\"wp-block-list\">\n<li style=\"list-style-type: none;\">\n<ul class=\"wp-block-list\">\n<li>Sentetik Organik Kimya<\/li>\n<li>Organik Malzeme Kimyas\u0131<\/li>\n<li>Polimer Kimyas\u0131<\/li>\n<li>Ye\u015fil Kimya<\/li>\n<li>Supramolek\u00fcler Kimya<\/li>\n<li>Organometalik Kimya<\/li>\n<li>Hesaplamal\u0131 Kimya<\/li>\n<li>Biyoorganik Kimya<\/li>\n<li>Do\u011fal \u00dcr\u00fcnler ve \u0130la\u00e7 Ke\u015ffi<\/li>\n<li>Heterosiklik Bile\u015fikler<\/li>\n<li>Kataliz\u00f6rler ve Asimetrik Sentez<\/li>\n<\/ul>\n<\/li>\n<\/ul>\n<p><!-- \/wp:list-item --><!-- wp:list-item --><\/p>\n<p><!-- \/wp:list-item --><!-- wp:list-item --><\/p>\n<p><!-- \/wp:list-item --><!-- wp:list-item --><\/p>\n<p><!-- \/wp:list-item --><!-- wp:list-item --><\/p>\n<p><!-- \/wp:list-item --><!-- wp:list-item --><\/p>\n<p><!-- \/wp:list-item --><!-- wp:list-item --><\/p>\n<p><!-- \/wp:list-item --><!-- wp:list-item --><\/p>\n<p><!-- \/wp:list-item --><!-- wp:list-item --><\/p>\n<p><!-- \/wp:list-item --><!-- wp:list-item --><\/p>\n<p><!-- \/wp:list-item --><!-- wp:list-item --><\/p>\n<p><!-- \/wp:list-item --><\/p>\n<p><!-- \/wp:list --><!-- wp:paragraph --><\/p>\n<p>Benzersiz \u00f6zelliklere sahip mek\u00e2nlar\u0131n se\u00e7ilmesi OrgChemTr kongre serisinin gelene\u011fi olmu\u015ftur. OrgChemTr-6, 2025 y\u0131l\u0131nda insan uygarl\u0131\u011f\u0131n\u0131n en \u00f6nemli \u015fehirlerinden biri olan Eski\u015fehir'de d\u00fczenlenecek. Aktif sosyal ya\u015fam\u0131, zengin k\u00fclt\u00fcr\u00fc, gen\u00e7 \u00f6\u011frenci n\u00fcfusuyla uygar ya\u015fam denilince akla gelen bir \u00fcniversite \u015fehri olan Eski\u015fehir, m\u00fczeleri, heykelleri, ferah ve temiz sokaklar\u0131, kapl\u0131calar\u0131, modern parklar\u0131 ve tarihi mekanlar\u0131yla dikkat \u00e7ekmektedir. Porsuk Nehri'nin ay\u0131rd\u0131\u011f\u0131, tekneyle tur yapabilece\u011finiz veya k\u00f6pr\u00fc ve \u00e7evresindeki parklarda keyifli y\u00fcr\u00fcy\u00fc\u015fler yapabilece\u011finiz Eski\u015fehir, k\u00fclt\u00fcrel a\u00e7\u0131dan zengin ve \u015fehir i\u00e7inde ula\u015f\u0131m\u0131 kolay bir \u015fehir. Konumu itibariyle Eski\u015fehir'e karayolu, demiryolu ve havayolu ile ula\u015fmak olduk\u00e7a kolayd\u0131r.<\/p>\n<p><!-- \/wp:paragraph --><!-- wp:paragraph --><\/p>\n<p>Kongre boyunca posterler, s\u00f6zl\u00fc sunumlar ve sosyal imkanlarla keyifli vakit ge\u00e7irilece\u011fini umuyoruz. Me\u015fhur T\u00fcrk misafirperverli\u011fini deneyimleme f\u0131rsat\u0131 bulaca\u011f\u0131n\u0131z Eski\u015fehir'de sizleri a\u011f\u0131rlamaktan onur duyaca\u011f\u0131z.<\/p>\n<p><!-- \/wp:paragraph --><!-- wp:paragraph --><\/p>\n<p>Uluslararas\u0131 Kat\u0131l\u0131ml\u0131 6. Organik Kimya Kongresi'ne (OrgChemTr-6) hepinizi bekliyoruz.<\/p>\n<p><!-- \/wp:paragraph --><!-- wp:columns --><\/p>\n<div class=\"wp-block-columns\">\n<p><!-- wp:column --><\/p>\n<div class=\"wp-block-column\">\n<p><!-- wp:paragraph {\"align\":\"center\"} --><\/p>\n<p class=\"has-text-align-center\"><strong>Prof. Dr. \u0130lhami \u00c7elik<\/strong><br \/>Eski\u015fehir Teknik \u00dcniversitesi<\/p>\n<p><!-- \/wp:paragraph --><\/p>\n<\/div>\n<p><!-- \/wp:column --><!-- wp:column --><\/p>\n<div class=\"wp-block-column\">\n<p><!-- wp:paragraph {\"align\":\"center\"} --><\/p>\n<p class=\"has-text-align-center\"><strong>Prof. Dr. Turan \u00d6zt\u00fcrk<\/strong><br \/>\u0130stanbul Teknik \u00dcniversitesi<\/p>\n<p><!-- \/wp:paragraph --><\/p>\n<\/div>\n<p><!-- \/wp:column --><\/p>\n<\/div>\n<p><!-- \/wp:columns --><\/p>\t\t\t\t\t\t\t\t<\/div>\n\t\t\t\t<\/div>\n\t\t\t\t\t<\/div>\n\t\t\t\t<\/div>\n\t\t\t\t<\/div>","protected":false},"excerpt":{"rendered":"<p>Dear Colleagues and Friends, On behalf of the Organizing Committee, we are pleased to invite you to participiate in the \u201c6th Organic Chemistry Congress with International Participation (OrgChemTr-6), jointly organized by Eski\u015fehir Technical University, \u0130stanbul Technical University and the Turkish Chemical Society. The congress will take place on September 10-13, 2025 in Eski\u015fehir, T\u00fcrkiye. The [&hellip;]<\/p>","protected":false},"author":1,"featured_media":0,"parent":0,"menu_order":0,"comment_status":"closed","ping_status":"closed","template":"","meta":{"footnotes":""},"class_list":["post-18","page","type-page","status-publish","hentry"],"blocksy_meta":[],"_links":{"self":[{"href":"https:\/\/orgchemtr6.org\/tr\/wp-json\/wp\/v2\/pages\/18","targetHints":{"allow":["GET"]}}],"collection":[{"href":"https:\/\/orgchemtr6.org\/tr\/wp-json\/wp\/v2\/pages"}],"about":[{"href":"https:\/\/orgchemtr6.org\/tr\/wp-json\/wp\/v2\/types\/page"}],"author":[{"embeddable":true,"href":"https:\/\/orgchemtr6.org\/tr\/wp-json\/wp\/v2\/users\/1"}],"replies":[{"embeddable":true,"href":"https:\/\/orgchemtr6.org\/tr\/wp-json\/wp\/v2\/comments?post=18"}],"version-history":[{"count":22,"href":"https:\/\/orgchemtr6.org\/tr\/wp-json\/wp\/v2\/pages\/18\/revisions"}],"predecessor-version":[{"id":123,"href":"https:\/\/orgchemtr6.org\/tr\/wp-json\/wp\/v2\/pages\/18\/revisions\/123"}],"wp:attachment":[{"href":"https:\/\/orgchemtr6.org\/tr\/wp-json\/wp\/v2\/media?parent=18"}],"curies":[{"name":"wp","href":"https:\/\/api.w.org\/{rel}","templated":true}]}}